{"id":2414,"date":"2015-01-05T15:29:33","date_gmt":"2015-01-05T14:29:33","guid":{"rendered":"https:\/\/ingenav.com\/?page_id=2414"},"modified":"2015-01-08T10:46:45","modified_gmt":"2015-01-08T09:46:45","slug":"proyectos","status":"publish","type":"page","link":"https:\/\/ingenav.com\/es\/proyectos\/","title":{"rendered":"Proyectos"},"content":{"rendered":"<section class=\"section swatch-black  section-text-shadow section-inner-shadow section-normal section-opaque\"  data-label=\"\">\n            <div class=\"background-media\" style=\"background-image: url('https:\/\/ingenav.com\/wp-content\/uploads\/2015\/01\/INGENAV-BANNER-Key-Projects-1700x400.jpg'); background-repeat:no-repeat; background-size:cover; background-attachment:scroll; background-position: 50% 50%;\" >\n                    <\/div>\n    \n    <div class=\"background-overlay grid-overlay-0 \" style=\"background-color: rgba(255,255,255,0);\"><\/div>\n\n    <div class=\"container\">\n        <div class=\"row vertical-top\">\n            <div class=\"col-md-12     text-default small-screen-default\"  ><header class=\"text-center  element-normal-top element-normal-bottom not-condensed os-animation\" data-os-animation=\"fadeInUp\" data-os-animation-delay=\"0.4s\" >\n    <h1 class=\"super hairline bordered bordered-small\" >\n        Proyectos    <\/h1>\n    <\/header>\n<\/div>        <\/div>\n    <\/div>\n<\/section><section class=\"section swatch-white  section-text-no-shadow section-inner-no-shadow section-normal section-opaque\"  data-label=\"\">\n    \n    <div class=\"background-overlay grid-overlay-0 \" style=\"background-color: rgba(0,0,0,0);\"><\/div>\n\n    <div class=\"container\">\n        <div class=\"row vertical-top\">\n            <div class=\"col-md-12     text-default small-screen-default\"  ><div class=\" element-short-top element-short-bottom\" data-os-animation=\"none\" data-os-animation-delay=\"0s\">\n    <p style=\"text-align: center;\"><strong>INGENAV<\/strong>\u00a0ha participado en diversos proyectos realizando servicios de apoyo y consultor\u00eda a proveedores de servicios de navegaci\u00f3n a\u00e9rea, operadores de aeropuertos y fabricantes de sistemas de gesti\u00f3n de tr\u00e1fico a\u00e9reo.<\/p>\n<\/div><div class=\"portfolio-container  element-medium-top element-medium-bottom\"><div class=\"row\">\r\n    <div class=\"col-md-12\">\r\n        <div class=\"portfolio-header clearfix\">\r\n            \r\n            <h3 class=\"portfolio-title pull-left\">\r\n                <strong>\r\n                    View \/                <\/strong>\r\n                <span>\r\n                    All                <\/span>\r\n            <\/h3>\r\n\r\n                        <div class=\"portfolio-filters pull-right\">\r\n                                                                    <div class=\"btn-group\">\r\n                        <button type=\"button\" class=\"btn btn-primary dropdown-toggle btn-icon-right btn-sm\" data-toggle=\"dropdown\">\r\n                            <b>Category<\/b>\r\n                            <span>\r\n                                <i class=\"fa fa-angle-down\"><\/i>\r\n                            <\/span>\r\n                        <\/button>\r\n                        <ul class=\"dropdown-menu pull-right\" role=\"menu\">\r\n                            <li><a class=\"portfolio-filter\" data-filter=\"*\">All<\/a><\/li>\r\n                                                            <li><a class=\"portfolio-filter\" data-filter=\".filter-atm-procedures-projects\">ATM Procedures<\/a><\/li>\r\n                                                            <li><a class=\"portfolio-filter\" data-filter=\".filter-other-projects\">Other Projects<\/a><\/li>\r\n                                                            <li><a class=\"portfolio-filter\" data-filter=\".filter-support-to-transition-projects\">Support to Transitions<\/a><\/li>\r\n                                                            <li><a class=\"portfolio-filter\" data-filter=\".filter-training-in-delivery\">Training Delivery<\/a><\/li>\r\n                                                            <li><a class=\"portfolio-filter\" data-filter=\".filter-training-in-new-systems-2\">Training in New Systems<\/a><\/li>\r\n                                                    <\/ul>\r\n                    <\/div>\r\n                            <\/div>\r\n        <\/div>\r\n    <\/div>\r\n<\/div>\r\n<div class=\"portfolio masonry no-transition\" data-padding=\"15\" data-col-xs=\"2\" data-col-sm=\"2\" data-col-md=\"4\" data-col-lg=\"4\" data-layout=\"fitRows\">\n                \n            <div class=\"masonry-item portfolio-item filter-support-to-transition-projects\" data-menu-order=\"1\" data-date=\"2014-11-17T15:30:47+01:00\" data-title=\"Transici\u00f3n en el Aeropuerto de Om\u00e1n\" data-comments=\"0\">\n                <div class=\"figure  element-no-top element-no-bottom os-animation image-filter-blur image-filter-onhover fade-in text-center figcaption-middle normalwidth\" data-os-animation=\"fadeIn\" data-os-animation-delay=\"0s\">\n            <a href=\"https:\/\/ingenav.com\/es\/projects\/transicion-en-el-aeropuerto-de-oman\/\" class=\"figure-image  image-all\" data-links=\"\" target=\"_self\">\n    \n    <img decoding=\"async\" src=\"https:\/\/ingenav.com\/wp-content\/uploads\/2014\/11\/MAPA_OMAN-COLOR-600x600-600x600.jpg\" alt=\"Transici\u00f3n en el Aeropuerto de Om\u00e1n\"  class=\"normalwidth\" \/>        <div class=\"figure-overlay grid-overlay-30\">\n        <div class=\"figure-overlay-container\">\n                            <span class=\"figure-icon\">\n                    <svg version=\"1.1\" xmlns=\"http:\/\/www.w3.org\/2000\/svg\" xmlns:xlink=\"http:\/\/www.w3.org\/1999\/xlink\" viewBox=\"0 0 100 100\"  preserveaspectratio=\"none\">\n<g>\n\n        <circle display=\"inline\" fill=\"none\" stroke-width=\"1\" stroke-miterlimit=\"10\" cx=\"50.932\" cy=\"50\" r=\"19.209\"\/>\n\n        <line display=\"inline\" fill=\"none\" stroke-width=\"1\" stroke-miterlimit=\"10\" x1=\"50.932\" y1=\"35.944\" x2=\"50.932\" y2=\"64.056\"\/>\n\n        <line display=\"inline\" fill=\"none\" stroke-width=\"1\" stroke-miterlimit=\"10\" x1=\"64.987\" y1=\"50\" x2=\"36.877\" y2=\"50\"\/>\n<\/g>\n<\/svg>\n                <\/span>\n                    <\/div>\n    <\/div>\n    \n            <\/a>\n    \n    <div class=\"figure-caption text-center\">\n        <h3 class=\"figure-caption-title bordered bordered-small bordered-link\">\n                            <a href=\"https:\/\/ingenav.com\/es\/projects\/transicion-en-el-aeropuerto-de-oman\/\" class=\"\" data-links=\"\" target=\"_self\">\n                        Transici\u00f3n en el Aeropuerto de Om\u00e1n                            <\/a>\n                    <\/h3>\n        <p class=\"figure-caption-description\"><\/p>\n    <\/div>\n<\/div>            <\/div>\n                        \n            <div class=\"masonry-item portfolio-item filter-atm-procedures-projects\" data-menu-order=\"2\" data-date=\"2014-11-17T15:37:39+01:00\" data-title=\"Transici\u00f3n en Ruta en Om\u00e1n\" data-comments=\"0\">\n                <div class=\"figure  element-no-top element-no-bottom os-animation image-filter-blur image-filter-onhover fade-in text-center figcaption-middle normalwidth\" data-os-animation=\"fadeIn\" data-os-animation-delay=\"0.3s\">\n            <a href=\"https:\/\/ingenav.com\/es\/projects\/transicion-en-ruta-en-oman\/\" class=\"figure-image  image-all\" data-links=\"\" target=\"_self\">\n    \n    <img decoding=\"async\" src=\"https:\/\/ingenav.com\/wp-content\/uploads\/2015\/01\/MAPA_B-2OMAN_ATMS-600x600-1-600x600.jpg\" alt=\"Transici\u00f3n en Ruta en Om\u00e1n\"  class=\"normalwidth\" \/>        <div class=\"figure-overlay grid-overlay-30\">\n        <div class=\"figure-overlay-container\">\n                            <span class=\"figure-icon\">\n                    <svg version=\"1.1\" xmlns=\"http:\/\/www.w3.org\/2000\/svg\" xmlns:xlink=\"http:\/\/www.w3.org\/1999\/xlink\" viewBox=\"0 0 100 100\"  preserveaspectratio=\"none\">\n<g>\n\n        <circle display=\"inline\" fill=\"none\" stroke-width=\"1\" stroke-miterlimit=\"10\" cx=\"50.932\" cy=\"50\" r=\"19.209\"\/>\n\n        <line display=\"inline\" fill=\"none\" stroke-width=\"1\" stroke-miterlimit=\"10\" x1=\"50.932\" y1=\"35.944\" x2=\"50.932\" y2=\"64.056\"\/>\n\n        <line display=\"inline\" fill=\"none\" stroke-width=\"1\" stroke-miterlimit=\"10\" x1=\"64.987\" y1=\"50\" x2=\"36.877\" y2=\"50\"\/>\n<\/g>\n<\/svg>\n                <\/span>\n                    <\/div>\n    <\/div>\n    \n            <\/a>\n    \n    <div class=\"figure-caption text-center\">\n        <h3 class=\"figure-caption-title bordered bordered-small bordered-link\">\n                            <a href=\"https:\/\/ingenav.com\/es\/projects\/transicion-en-ruta-en-oman\/\" class=\"\" data-links=\"\" target=\"_self\">\n                        Transici\u00f3n en Ruta en Om\u00e1n                            <\/a>\n                    <\/h3>\n        <p class=\"figure-caption-description\"><\/p>\n    <\/div>\n<\/div>            <\/div>\n                        \n            <div class=\"masonry-item portfolio-item filter-training-in-delivery filter-training-in-new-systems-2\" data-menu-order=\"3\" data-date=\"2014-12-11T15:22:21+01:00\" data-title=\"Formaci\u00f3n en el Sistema\" data-comments=\"0\">\n                <div class=\"figure  element-no-top element-no-bottom os-animation image-filter-blur image-filter-onhover fade-in text-center figcaption-middle normalwidth\" data-os-animation=\"fadeIn\" data-os-animation-delay=\"0.6s\">\n            <a href=\"https:\/\/ingenav.com\/es\/projects\/formacion-en-el-sistema\/\" class=\"figure-image  image-all\" data-links=\"\" target=\"_self\">\n    \n    <img decoding=\"async\" src=\"https:\/\/ingenav.com\/wp-content\/uploads\/2015\/01\/MAPA_B-3ST-600x600-600x600.jpg\" alt=\"Formaci\u00f3n en el Sistema\"  class=\"normalwidth\" \/>        <div class=\"figure-overlay grid-overlay-30\">\n        <div class=\"figure-overlay-container\">\n                            <span class=\"figure-icon\">\n                    <svg version=\"1.1\" xmlns=\"http:\/\/www.w3.org\/2000\/svg\" xmlns:xlink=\"http:\/\/www.w3.org\/1999\/xlink\" viewBox=\"0 0 100 100\"  preserveaspectratio=\"none\">\n<g>\n\n        <circle display=\"inline\" fill=\"none\" stroke-width=\"1\" stroke-miterlimit=\"10\" cx=\"50.932\" cy=\"50\" r=\"19.209\"\/>\n\n        <line display=\"inline\" fill=\"none\" stroke-width=\"1\" stroke-miterlimit=\"10\" x1=\"50.932\" y1=\"35.944\" x2=\"50.932\" y2=\"64.056\"\/>\n\n        <line display=\"inline\" fill=\"none\" stroke-width=\"1\" stroke-miterlimit=\"10\" x1=\"64.987\" y1=\"50\" x2=\"36.877\" y2=\"50\"\/>\n<\/g>\n<\/svg>\n                <\/span>\n                    <\/div>\n    <\/div>\n    \n            <\/a>\n    \n    <div class=\"figure-caption text-center\">\n        <h3 class=\"figure-caption-title bordered bordered-small bordered-link\">\n                            <a href=\"https:\/\/ingenav.com\/es\/projects\/formacion-en-el-sistema\/\" class=\"\" data-links=\"\" target=\"_self\">\n                        Formaci\u00f3n en el Sistema                            <\/a>\n                    <\/h3>\n        <p class=\"figure-caption-description\"><\/p>\n    <\/div>\n<\/div>            <\/div>\n                        \n            <div class=\"masonry-item portfolio-item filter-other-projects filter-training-in-delivery\" data-menu-order=\"5\" data-date=\"2014-11-17T15:48:40+01:00\" data-title=\"Otros proyectos y actividades de INGENAV\" data-comments=\"0\">\n                <div class=\"figure  element-no-top element-no-bottom os-animation image-filter-blur image-filter-onhover fade-in text-center figcaption-middle normalwidth\" data-os-animation=\"fadeIn\" data-os-animation-delay=\"0.9s\">\n            <a href=\"https:\/\/ingenav.com\/es\/projects\/otros-proyectos-y-actividades-de-ingenav\/\" class=\"figure-image  image-all\" data-links=\"\" target=\"_self\">\n    \n    <img decoding=\"async\" src=\"https:\/\/ingenav.com\/wp-content\/uploads\/2014\/11\/MAPA_B-4CAC-600x600-600x600.jpg\" alt=\"Otros proyectos y actividades de INGENAV\"  class=\"normalwidth\" \/>        <div class=\"figure-overlay grid-overlay-30\">\n        <div class=\"figure-overlay-container\">\n                            <span class=\"figure-icon\">\n                    <svg version=\"1.1\" xmlns=\"http:\/\/www.w3.org\/2000\/svg\" xmlns:xlink=\"http:\/\/www.w3.org\/1999\/xlink\" viewBox=\"0 0 100 100\"  preserveaspectratio=\"none\">\n<g>\n\n        <circle display=\"inline\" fill=\"none\" stroke-width=\"1\" stroke-miterlimit=\"10\" cx=\"50.932\" cy=\"50\" r=\"19.209\"\/>\n\n        <line display=\"inline\" fill=\"none\" stroke-width=\"1\" stroke-miterlimit=\"10\" x1=\"50.932\" y1=\"35.944\" x2=\"50.932\" y2=\"64.056\"\/>\n\n        <line display=\"inline\" fill=\"none\" stroke-width=\"1\" stroke-miterlimit=\"10\" x1=\"64.987\" y1=\"50\" x2=\"36.877\" y2=\"50\"\/>\n<\/g>\n<\/svg>\n                <\/span>\n                    <\/div>\n    <\/div>\n    \n            <\/a>\n    \n    <div class=\"figure-caption text-center\">\n        <h3 class=\"figure-caption-title bordered bordered-small bordered-link\">\n                            <a href=\"https:\/\/ingenav.com\/es\/projects\/otros-proyectos-y-actividades-de-ingenav\/\" class=\"\" data-links=\"\" target=\"_self\">\n                        Otros proyectos y actividades de INGENAV                            <\/a>\n                    <\/h3>\n        <p class=\"figure-caption-description\"><\/p>\n    <\/div>\n<\/div>            <\/div>\n            <\/div>\n<\/div><\/div>        <\/div>\n    <\/div>\n<\/section><section class=\"section swatch-blue text-center section-text-shadow section-inner-shadow section-normal section-opaque\"  data-label=\"\">\n            <div class=\"background-media\" style=\"background-image: url('https:\/\/ingenav.com\/wp-content\/uploads\/2015\/01\/3_ST_Ingenav-Key-Projects-600x600.jpg'); background-repeat:no-repeat; background-size:cover; background-attachment:fixed; background-position: 50% 0%;\" >\n                    <\/div>\n    \n    <div class=\"background-overlay grid-overlay-40 \" style=\"background-color: rgba(0,53,95,0.4);\"><\/div>\n\n    <div class=\"container\">\n        <div class=\"row vertical-top\">\n            <div class=\"col-md-12     text-default small-screen-default\"  ><header class=\"text-center  element-normal-top element-short-bottom condensed os-animation\" data-os-animation=\"fadeInDown\" data-os-animation-delay=\"0s\" >\n    <h3 class=\"big light no-bordered-header bordered-normal\" >\n        INGENAV proporciona diversos expertos e instructores de ATC para diversos clientes en Espa\u00f1a, Europa, \u00c1frica del Norte y Oriente Medio.    <\/h3>\n    <\/header>\n<a href=\"https:\/\/ingenav.com\/es\/contacto\" class=\"btn btn-link btn-lg  btn-icon-left  element-short-top element-normal-bottom os-animation\" target= \"_self\" data-os-animation=\"fadeInUp\" data-os-animation-delay=\"0.3s \"  >\n\tContacto \t\t\t<span> <i class=\"fa fa-envelope\"  data-animation=\"shake\"  ><\/i> <\/span>\n\t<\/a><\/div>        <\/div>\n    <\/div>\n<\/section>\n","protected":false},"excerpt":{"rendered":"Consultor\u00eda para la Evaluaci\u00f3n de las Competencias Consultor\u00eda sobre la revisi\u00f3n del Esquema de Unidad de Competencia y Plan de Formaci\u00f3n para un Proveedor de Servicios de Navegaci\u00f3n A\u00e9rea Europeo en vista a la pr\u00f3xima revisi\u00f3n del Reglamento Europeo para la concesi\u00f3n de licencias y formaci\u00f3n para ATC. Cursos de Formaci\u00f3n Durante los \u00faltimos a\u00f1os","protected":false},"author":1,"featured_media":0,"parent":0,"menu_order":3,"comment_status":"closed","ping_status":"closed","template":"","meta":{"footnotes":""},"class_list":["post-2414","page","type-page","status-publish","hentry"],"yoast_head":"<!-- This site is optimized with the Yoast SEO plugin v27.5 - https:\/\/yoast.com\/product\/yoast-seo-wordpress\/ -->\n<title>Proyectos -<\/title>\n<meta name=\"robots\" content=\"index, follow, max-snippet:-1, max-image-preview:large, max-video-preview:-1\" \/>\n<link rel=\"canonical\" href=\"https:\/\/ingenav.com\/es\/proyectos\/\" \/>\n<meta property=\"og:locale\" content=\"es_ES\" \/>\n<meta property=\"og:type\" content=\"article\" \/>\n<meta property=\"og:title\" content=\"Proyectos -\" \/>\n<meta property=\"og:url\" content=\"https:\/\/ingenav.com\/es\/proyectos\/\" \/>\n<meta property=\"og:site_name\" content=\"INGENAV\" \/>\n<meta property=\"article:publisher\" content=\"https:\/\/www.facebook.com\/ingenav\" \/>\n<meta property=\"article:modified_time\" content=\"2015-01-08T09:46:45+00:00\" \/>\n<meta name=\"twitter:label1\" content=\"Tiempo de lectura\" \/>\n\t<meta name=\"twitter:data1\" content=\"2 minutos\" \/>\n<script type=\"application\/ld+json\" class=\"yoast-schema-graph\">{\"@context\":\"https:\\\/\\\/schema.org\",\"@graph\":[{\"@type\":\"WebPage\",\"@id\":\"https:\\\/\\\/ingenav.com\\\/es\\\/proyectos\\\/\",\"url\":\"https:\\\/\\\/ingenav.com\\\/es\\\/proyectos\\\/\",\"name\":\"Proyectos -\",\"isPartOf\":{\"@id\":\"https:\\\/\\\/ingenav.com\\\/#website\"},\"datePublished\":\"2015-01-05T14:29:33+00:00\",\"dateModified\":\"2015-01-08T09:46:45+00:00\",\"breadcrumb\":{\"@id\":\"https:\\\/\\\/ingenav.com\\\/es\\\/proyectos\\\/#breadcrumb\"},\"inLanguage\":\"es\",\"potentialAction\":[{\"@type\":\"ReadAction\",\"target\":[\"https:\\\/\\\/ingenav.com\\\/es\\\/proyectos\\\/\"]}]},{\"@type\":\"BreadcrumbList\",\"@id\":\"https:\\\/\\\/ingenav.com\\\/es\\\/proyectos\\\/#breadcrumb\",\"itemListElement\":[{\"@type\":\"ListItem\",\"position\":1,\"name\":\"Home\",\"item\":\"https:\\\/\\\/ingenav.com\\\/es\\\/\"},{\"@type\":\"ListItem\",\"position\":2,\"name\":\"Proyectos\"}]},{\"@type\":\"WebSite\",\"@id\":\"https:\\\/\\\/ingenav.com\\\/#website\",\"url\":\"https:\\\/\\\/ingenav.com\\\/\",\"name\":\"INGENAV\",\"description\":\"\",\"publisher\":{\"@id\":\"https:\\\/\\\/ingenav.com\\\/#organization\"},\"potentialAction\":[{\"@type\":\"SearchAction\",\"target\":{\"@type\":\"EntryPoint\",\"urlTemplate\":\"https:\\\/\\\/ingenav.com\\\/?s={search_term_string}\"},\"query-input\":{\"@type\":\"PropertyValueSpecification\",\"valueRequired\":true,\"valueName\":\"search_term_string\"}}],\"inLanguage\":\"es\"},{\"@type\":\"Organization\",\"@id\":\"https:\\\/\\\/ingenav.com\\\/#organization\",\"name\":\"INGENAV\",\"url\":\"https:\\\/\\\/ingenav.com\\\/\",\"logo\":{\"@type\":\"ImageObject\",\"inLanguage\":\"es\",\"@id\":\"https:\\\/\\\/ingenav.com\\\/#\\\/schema\\\/logo\\\/image\\\/\",\"url\":\"https:\\\/\\\/ingenav.com\\\/wp-content\\\/uploads\\\/2022\\\/09\\\/LOGO_INGENAV_360x36.png\",\"contentUrl\":\"https:\\\/\\\/ingenav.com\\\/wp-content\\\/uploads\\\/2022\\\/09\\\/LOGO_INGENAV_360x36.png\",\"width\":360,\"height\":36,\"caption\":\"INGENAV\"},\"image\":{\"@id\":\"https:\\\/\\\/ingenav.com\\\/#\\\/schema\\\/logo\\\/image\\\/\"},\"sameAs\":[\"https:\\\/\\\/www.facebook.com\\\/ingenav\",\"https:\\\/\\\/www.linkedin.com\\\/company\\\/ingenav\\\/\"]}]}<\/script>\n<!-- \/ Yoast SEO plugin. -->","yoast_head_json":{"title":"Proyectos -","robots":{"index":"index","follow":"follow","max-snippet":"max-snippet:-1","max-image-preview":"max-image-preview:large","max-video-preview":"max-video-preview:-1"},"canonical":"https:\/\/ingenav.com\/es\/proyectos\/","og_locale":"es_ES","og_type":"article","og_title":"Proyectos -","og_url":"https:\/\/ingenav.com\/es\/proyectos\/","og_site_name":"INGENAV","article_publisher":"https:\/\/www.facebook.com\/ingenav","article_modified_time":"2015-01-08T09:46:45+00:00","twitter_misc":{"Tiempo de lectura":"2 minutos"},"schema":{"@context":"https:\/\/schema.org","@graph":[{"@type":"WebPage","@id":"https:\/\/ingenav.com\/es\/proyectos\/","url":"https:\/\/ingenav.com\/es\/proyectos\/","name":"Proyectos -","isPartOf":{"@id":"https:\/\/ingenav.com\/#website"},"datePublished":"2015-01-05T14:29:33+00:00","dateModified":"2015-01-08T09:46:45+00:00","breadcrumb":{"@id":"https:\/\/ingenav.com\/es\/proyectos\/#breadcrumb"},"inLanguage":"es","potentialAction":[{"@type":"ReadAction","target":["https:\/\/ingenav.com\/es\/proyectos\/"]}]},{"@type":"BreadcrumbList","@id":"https:\/\/ingenav.com\/es\/proyectos\/#breadcrumb","itemListElement":[{"@type":"ListItem","position":1,"name":"Home","item":"https:\/\/ingenav.com\/es\/"},{"@type":"ListItem","position":2,"name":"Proyectos"}]},{"@type":"WebSite","@id":"https:\/\/ingenav.com\/#website","url":"https:\/\/ingenav.com\/","name":"INGENAV","description":"","publisher":{"@id":"https:\/\/ingenav.com\/#organization"},"potentialAction":[{"@type":"SearchAction","target":{"@type":"EntryPoint","urlTemplate":"https:\/\/ingenav.com\/?s={search_term_string}"},"query-input":{"@type":"PropertyValueSpecification","valueRequired":true,"valueName":"search_term_string"}}],"inLanguage":"es"},{"@type":"Organization","@id":"https:\/\/ingenav.com\/#organization","name":"INGENAV","url":"https:\/\/ingenav.com\/","logo":{"@type":"ImageObject","inLanguage":"es","@id":"https:\/\/ingenav.com\/#\/schema\/logo\/image\/","url":"https:\/\/ingenav.com\/wp-content\/uploads\/2022\/09\/LOGO_INGENAV_360x36.png","contentUrl":"https:\/\/ingenav.com\/wp-content\/uploads\/2022\/09\/LOGO_INGENAV_360x36.png","width":360,"height":36,"caption":"INGENAV"},"image":{"@id":"https:\/\/ingenav.com\/#\/schema\/logo\/image\/"},"sameAs":["https:\/\/www.facebook.com\/ingenav","https:\/\/www.linkedin.com\/company\/ingenav\/"]}]}},"_links":{"self":[{"href":"https:\/\/ingenav.com\/es\/wp-json\/wp\/v2\/pages\/2414","targetHints":{"allow":["GET"]}}],"collection":[{"href":"https:\/\/ingenav.com\/es\/wp-json\/wp\/v2\/pages"}],"about":[{"href":"https:\/\/ingenav.com\/es\/wp-json\/wp\/v2\/types\/page"}],"author":[{"embeddable":true,"href":"https:\/\/ingenav.com\/es\/wp-json\/wp\/v2\/users\/1"}],"replies":[{"embeddable":true,"href":"https:\/\/ingenav.com\/es\/wp-json\/wp\/v2\/comments?post=2414"}],"version-history":[{"count":0,"href":"https:\/\/ingenav.com\/es\/wp-json\/wp\/v2\/pages\/2414\/revisions"}],"wp:attachment":[{"href":"https:\/\/ingenav.com\/es\/wp-json\/wp\/v2\/media?parent=2414"}],"curies":[{"name":"wp","href":"https:\/\/api.w.org\/{rel}","templated":true}]}}