{"id":2434,"date":"2015-01-05T17:47:33","date_gmt":"2015-01-05T16:47:33","guid":{"rendered":"https:\/\/ingenav.com\/?page_id=2434"},"modified":"2021-10-04T17:51:05","modified_gmt":"2021-10-04T16:51:05","slug":"contacto","status":"publish","type":"page","link":"https:\/\/ingenav.com\/es\/contacto\/","title":{"rendered":"Contacto"},"content":{"rendered":"<section class=\"section swatch-white  section-text-no-shadow section-inner-no-shadow section-normal section-opaque\"  data-label=\"\">\n    \n    <div class=\"background-overlay grid-overlay-0 \" style=\"background-color: rgba(0,0,0,0);\"><\/div>\n\n    <div class=\"container-fullwidth\">\n        <div class=\"row vertical-top\">\n            <div class=\"col-md-12     text-default small-screen-default\"  >[<iframe loading=\"lazy\" style=\"border: 0;\" src=\"https:\/\/www.google.com\/maps\/embed?pb=!1m18!1m12!1m3!1d3035.5495828504!2d-3.619314549708663!3d40.463105060641695!2m3!1f0!2f0!3f0!3m2!1i1024!2i768!4f13.1!3m3!1m2!1s0xd42294bb1f056e5%3A0xa498b13cf4c7cf58!2sAv.%20del%20Parten%C3%B3n%2C%2010%2C%2028042%20Madrid!5e0!3m2!1sen!2ses!4v1633366039603!5m2!1sen!2ses\" width=\"1600\" height=\"450\" frameborder=\"0\" allowfullscreen=\"allowfullscreen\"><\/iframe>]<\/div>        <\/div>\n    <\/div>\n<\/section><section class=\"section swatch-white  section-text-no-shadow section-inner-shadow section-normal section-opaque\"  data-label=\"\">\n    \n    <div class=\"background-overlay grid-overlay-0 \" style=\"background-color: rgba(255,255,255,0);\"><\/div>\n\n    <div class=\"container\">\n        <div class=\"row vertical-top\">\n            <div class=\"col-md-12     text-default small-screen-default\"  ><header class=\"text-center  element-normal-top element-medium-bottom not-condensed os-animation\" data-os-animation=\"fadeInUp\" data-os-animation-delay=\"0s\" >\n    <h1 class=\"super hairline bordered bordered-normal\" >\n        \u00bfQui\u00e9nes somos ?    <\/h1>\n            <p class=\"normal\" >para m\u00e1s informaci\u00f3n, por favor no dude en contactar con nosotros<\/p>\n    <\/header>\n<div class=\"row \"><div class=\"col-md-6     text-left small-screen-left os-animation\" data-os-animation=\"fadeInLeft\" data-os-animation-delay=\"0.3s\" ><ul class=\"fa-ul lead  element-no-top element-medium-bottom\" data-os-animation=\"none\" data-os-animation-delay=\"0s\">\n    <li>\n            <i class=\"fa fa-li fa-fighter-jet\" style=\"color:#00355f;\">\n        <\/i>\n        INGENAV<\/li><li>\n            <i class=\"fa fa-li fa-home\" style=\"color:#00355f;\">\n        <\/i>\n        Avenida del Parten\u00f3n, 10, 28042,, Madrid<\/li><li>\n            <i class=\"fa fa-li fa-phone\" style=\"color:#00355f;\">\n        <\/i>\n        +34 910 400 960<\/li><li>\n            <i class=\"fa fa-li fa-fax\" style=\"color:#00355f;\">\n        <\/i>\n        +34 910 400 960<\/li><li>\n            <i class=\"fa fa-li fa-globe\" style=\"color:#00355f;\">\n        <\/i>\n        www.ingenav.com<\/li><\/ul><div class=\"element-short-top element-short-bottom\" data-os-animation=\"none\" data-os-animation-delay=\"0s\">\n        <ul class=\"social-icons social-lg social-background social-circle \">                <li>                    \n                    <a href=\"https:\/\/www.linkedin.com\/company\/ingenav\" target=\"_blank\" style=\"background-color:#00355f;\" data-iconcolor=\"#5FB0D5\">\n                        <i class=\"fa fa-linkedin\"><\/i>\n                    <\/a>\n                <\/li>    <\/ul>\n<\/div><\/div><div class=\"col-md-6     text-left small-screen-center os-animation\" data-os-animation=\"fadeInRight\" data-os-animation-delay=\"0.3s\" >\n<div class=\"wpcf7 no-js\" id=\"wpcf7-f2538-o1\" lang=\"es-ES\" dir=\"ltr\" data-wpcf7-id=\"2538\">\n<div class=\"screen-reader-response\"><p role=\"status\" aria-live=\"polite\" aria-atomic=\"true\"><\/p> <ul><\/ul><\/div>\n<form action=\"\/es\/wp-json\/wp\/v2\/pages\/2434#wpcf7-f2538-o1\" method=\"post\" class=\"wpcf7-form init\" aria-label=\"Formulario de contacto\" novalidate=\"novalidate\" data-status=\"init\">\n<fieldset class=\"hidden-fields-container\"><input type=\"hidden\" name=\"_wpcf7\" value=\"2538\" \/><input type=\"hidden\" name=\"_wpcf7_version\" value=\"6.1.5\" \/><input type=\"hidden\" name=\"_wpcf7_locale\" value=\"es_ES\" \/><input type=\"hidden\" name=\"_wpcf7_unit_tag\" value=\"wpcf7-f2538-o1\" \/><input type=\"hidden\" name=\"_wpcf7_container_post\" value=\"0\" \/><input type=\"hidden\" name=\"_wpcf7_posted_data_hash\" value=\"\" \/><input type=\"hidden\" name=\"_wpcf7_recaptcha_response\" value=\"\" \/>\n<\/fieldset>\n<p>Su nombre (requerido)\n<\/p>\n<p><span class=\"wpcf7-form-control-wrap\" data-name=\"your-name\"><input size=\"40\" maxlength=\"400\" class=\"wpcf7-form-control wpcf7-text wpcf7-validates-as-required\" aria-required=\"true\" aria-invalid=\"false\" value=\"\" type=\"text\" name=\"your-name\" \/><\/span>\n<\/p>\n<p>Su e-mail (requerido)\n<\/p>\n<p><span class=\"wpcf7-form-control-wrap\" data-name=\"your-email\"><input size=\"40\" maxlength=\"400\" class=\"wpcf7-form-control wpcf7-email wpcf7-validates-as-required wpcf7-text wpcf7-validates-as-email\" aria-required=\"true\" aria-invalid=\"false\" value=\"\" type=\"email\" name=\"your-email\" \/><\/span>\n<\/p>\n<p>Asunto\n<\/p>\n<p><span class=\"wpcf7-form-control-wrap\" data-name=\"your-subject\"><input size=\"40\" maxlength=\"400\" class=\"wpcf7-form-control wpcf7-text\" aria-invalid=\"false\" value=\"\" type=\"text\" name=\"your-subject\" \/><\/span>\n<\/p>\n<p>Su mensaje\n<\/p>\n<p><span class=\"wpcf7-form-control-wrap\" data-name=\"your-message\"><textarea cols=\"40\" rows=\"10\" maxlength=\"2000\" class=\"wpcf7-form-control wpcf7-textarea\" aria-invalid=\"false\" name=\"your-message\"><\/textarea><\/span>\n<\/p>\n<p><input class=\"wpcf7-form-control wpcf7-submit has-spinner\" type=\"submit\" value=\"Enviar\" \/>\n<\/p><div class=\"wpcf7-response-output\" aria-hidden=\"true\"><\/div>\n<\/form>\n<\/div>\n<div class=\"divider-wrapper\" style=\"visibility:hide;background-color:#FFFFF\">\n    <div class=\"visible-xs\" style=\"height:72px;\"><\/div>\n    <div class=\"visible-sm\" style=\"height:72px;\"><\/div>\n    <div class=\"visible-md\" style=\"height:72px;\"><\/div>\n    <div class=\"visible-lg\" style=\"height:72px;\"><\/div>\n<\/div><\/div><\/div><\/div>        <\/div>\n    <\/div>\n<\/section><section class=\"section swatch-atm text-center section-text-shadow section-inner-shadow section-normal section-opaque\"  data-label=\"\">\n    \n    <div class=\"background-overlay grid-overlay-10 \" style=\"background-color: rgba(0,0,0,0);\"><\/div>\n\n    <div class=\"container\">\n        <div class=\"row vertical-top\">\n            <div class=\"col-md-9     text-default small-screen-default os-animation\" data-os-animation=\"fadeInLeft\" data-os-animation-delay=\"0s\" ><header class=\"text-center  element-normal-top element-normal-bottom not-condensed os-animation\" data-os-animation=\"fadeInLeft\" data-os-animation-delay=\"0s\" >\n    <h3 class=\"big light no-bordered-header bordered-normal\" >\n        \u00bfTe gusta lo que ves? \u00a1Trabajemos juntos!    <\/h3>\n    <\/header>\n<\/div><div class=\"col-md-3     text-default small-screen-default\"  ><a href=\"https:\/\/ingenav.com\/es\/proyectos\/\" class=\"btn btn-primary btn-lg    element-normal-top element-normal-bottom os-animation\" target= \"_self\" data-os-animation=\"fadeInRight\" data-os-animation-delay=\"0.3s \"  >\n\tEcha un vistazo a nuestros proyectos \t<\/a><\/div>        <\/div>\n    <\/div>\n<\/section>\n","protected":false},"excerpt":{"rendered":"[] \u00bfQui\u00e9nes somos ? para m\u00e1s informaci\u00f3n, por favor no dude en contactar con nosotros INGENAV Avenida del Parten\u00f3n, 10, 28042,, Madrid +34 910 400 960 +34 910 400 960 www.ingenav.com Su nombre (requerido) Su e-mail (requerido) Asunto Su mensaje \u00bfTe gusta lo que ves? \u00a1Trabajemos juntos! Echa un vistazo a nuestros proyectos","protected":false},"author":1,"featured_media":0,"parent":0,"menu_order":4,"comment_status":"closed","ping_status":"closed","template":"","meta":{"footnotes":""},"class_list":["post-2434","page","type-page","status-publish","hentry"],"yoast_head":"<!-- This site is optimized with the Yoast SEO plugin v27.4 - https:\/\/yoast.com\/product\/yoast-seo-wordpress\/ -->\n<title>Contacto -<\/title>\n<meta name=\"robots\" content=\"index, follow, max-snippet:-1, max-image-preview:large, max-video-preview:-1\" \/>\n<link rel=\"canonical\" href=\"https:\/\/ingenav.com\/es\/contacto\/\" \/>\n<meta property=\"og:locale\" content=\"es_ES\" \/>\n<meta property=\"og:type\" content=\"article\" \/>\n<meta property=\"og:title\" content=\"Contacto -\" \/>\n<meta property=\"og:url\" content=\"https:\/\/ingenav.com\/es\/contacto\/\" \/>\n<meta property=\"og:site_name\" content=\"INGENAV\" \/>\n<meta property=\"article:publisher\" content=\"https:\/\/www.facebook.com\/ingenav\" \/>\n<meta property=\"article:modified_time\" content=\"2021-10-04T16:51:05+00:00\" \/>\n<meta name=\"twitter:label1\" content=\"Tiempo de lectura\" \/>\n\t<meta name=\"twitter:data1\" content=\"1 minuto\" \/>\n<script type=\"application\/ld+json\" class=\"yoast-schema-graph\">{\"@context\":\"https:\\\/\\\/schema.org\",\"@graph\":[{\"@type\":\"WebPage\",\"@id\":\"https:\\\/\\\/ingenav.com\\\/es\\\/contacto\\\/\",\"url\":\"https:\\\/\\\/ingenav.com\\\/es\\\/contacto\\\/\",\"name\":\"Contacto -\",\"isPartOf\":{\"@id\":\"https:\\\/\\\/ingenav.com\\\/#website\"},\"datePublished\":\"2015-01-05T16:47:33+00:00\",\"dateModified\":\"2021-10-04T16:51:05+00:00\",\"breadcrumb\":{\"@id\":\"https:\\\/\\\/ingenav.com\\\/es\\\/contacto\\\/#breadcrumb\"},\"inLanguage\":\"es\",\"potentialAction\":[{\"@type\":\"ReadAction\",\"target\":[\"https:\\\/\\\/ingenav.com\\\/es\\\/contacto\\\/\"]}]},{\"@type\":\"BreadcrumbList\",\"@id\":\"https:\\\/\\\/ingenav.com\\\/es\\\/contacto\\\/#breadcrumb\",\"itemListElement\":[{\"@type\":\"ListItem\",\"position\":1,\"name\":\"Home\",\"item\":\"https:\\\/\\\/ingenav.com\\\/es\\\/\"},{\"@type\":\"ListItem\",\"position\":2,\"name\":\"Contacto\"}]},{\"@type\":\"WebSite\",\"@id\":\"https:\\\/\\\/ingenav.com\\\/#website\",\"url\":\"https:\\\/\\\/ingenav.com\\\/\",\"name\":\"INGENAV\",\"description\":\"\",\"publisher\":{\"@id\":\"https:\\\/\\\/ingenav.com\\\/#organization\"},\"potentialAction\":[{\"@type\":\"SearchAction\",\"target\":{\"@type\":\"EntryPoint\",\"urlTemplate\":\"https:\\\/\\\/ingenav.com\\\/?s={search_term_string}\"},\"query-input\":{\"@type\":\"PropertyValueSpecification\",\"valueRequired\":true,\"valueName\":\"search_term_string\"}}],\"inLanguage\":\"es\"},{\"@type\":\"Organization\",\"@id\":\"https:\\\/\\\/ingenav.com\\\/#organization\",\"name\":\"INGENAV\",\"url\":\"https:\\\/\\\/ingenav.com\\\/\",\"logo\":{\"@type\":\"ImageObject\",\"inLanguage\":\"es\",\"@id\":\"https:\\\/\\\/ingenav.com\\\/#\\\/schema\\\/logo\\\/image\\\/\",\"url\":\"https:\\\/\\\/ingenav.com\\\/wp-content\\\/uploads\\\/2022\\\/09\\\/LOGO_INGENAV_360x36.png\",\"contentUrl\":\"https:\\\/\\\/ingenav.com\\\/wp-content\\\/uploads\\\/2022\\\/09\\\/LOGO_INGENAV_360x36.png\",\"width\":360,\"height\":36,\"caption\":\"INGENAV\"},\"image\":{\"@id\":\"https:\\\/\\\/ingenav.com\\\/#\\\/schema\\\/logo\\\/image\\\/\"},\"sameAs\":[\"https:\\\/\\\/www.facebook.com\\\/ingenav\",\"https:\\\/\\\/www.linkedin.com\\\/company\\\/ingenav\\\/\"]}]}<\/script>\n<!-- \/ Yoast SEO plugin. -->","yoast_head_json":{"title":"Contacto -","robots":{"index":"index","follow":"follow","max-snippet":"max-snippet:-1","max-image-preview":"max-image-preview:large","max-video-preview":"max-video-preview:-1"},"canonical":"https:\/\/ingenav.com\/es\/contacto\/","og_locale":"es_ES","og_type":"article","og_title":"Contacto -","og_url":"https:\/\/ingenav.com\/es\/contacto\/","og_site_name":"INGENAV","article_publisher":"https:\/\/www.facebook.com\/ingenav","article_modified_time":"2021-10-04T16:51:05+00:00","twitter_misc":{"Tiempo de lectura":"1 minuto"},"schema":{"@context":"https:\/\/schema.org","@graph":[{"@type":"WebPage","@id":"https:\/\/ingenav.com\/es\/contacto\/","url":"https:\/\/ingenav.com\/es\/contacto\/","name":"Contacto -","isPartOf":{"@id":"https:\/\/ingenav.com\/#website"},"datePublished":"2015-01-05T16:47:33+00:00","dateModified":"2021-10-04T16:51:05+00:00","breadcrumb":{"@id":"https:\/\/ingenav.com\/es\/contacto\/#breadcrumb"},"inLanguage":"es","potentialAction":[{"@type":"ReadAction","target":["https:\/\/ingenav.com\/es\/contacto\/"]}]},{"@type":"BreadcrumbList","@id":"https:\/\/ingenav.com\/es\/contacto\/#breadcrumb","itemListElement":[{"@type":"ListItem","position":1,"name":"Home","item":"https:\/\/ingenav.com\/es\/"},{"@type":"ListItem","position":2,"name":"Contacto"}]},{"@type":"WebSite","@id":"https:\/\/ingenav.com\/#website","url":"https:\/\/ingenav.com\/","name":"INGENAV","description":"","publisher":{"@id":"https:\/\/ingenav.com\/#organization"},"potentialAction":[{"@type":"SearchAction","target":{"@type":"EntryPoint","urlTemplate":"https:\/\/ingenav.com\/?s={search_term_string}"},"query-input":{"@type":"PropertyValueSpecification","valueRequired":true,"valueName":"search_term_string"}}],"inLanguage":"es"},{"@type":"Organization","@id":"https:\/\/ingenav.com\/#organization","name":"INGENAV","url":"https:\/\/ingenav.com\/","logo":{"@type":"ImageObject","inLanguage":"es","@id":"https:\/\/ingenav.com\/#\/schema\/logo\/image\/","url":"https:\/\/ingenav.com\/wp-content\/uploads\/2022\/09\/LOGO_INGENAV_360x36.png","contentUrl":"https:\/\/ingenav.com\/wp-content\/uploads\/2022\/09\/LOGO_INGENAV_360x36.png","width":360,"height":36,"caption":"INGENAV"},"image":{"@id":"https:\/\/ingenav.com\/#\/schema\/logo\/image\/"},"sameAs":["https:\/\/www.facebook.com\/ingenav","https:\/\/www.linkedin.com\/company\/ingenav\/"]}]}},"_links":{"self":[{"href":"https:\/\/ingenav.com\/es\/wp-json\/wp\/v2\/pages\/2434","targetHints":{"allow":["GET"]}}],"collection":[{"href":"https:\/\/ingenav.com\/es\/wp-json\/wp\/v2\/pages"}],"about":[{"href":"https:\/\/ingenav.com\/es\/wp-json\/wp\/v2\/types\/page"}],"author":[{"embeddable":true,"href":"https:\/\/ingenav.com\/es\/wp-json\/wp\/v2\/users\/1"}],"replies":[{"embeddable":true,"href":"https:\/\/ingenav.com\/es\/wp-json\/wp\/v2\/comments?post=2434"}],"version-history":[{"count":0,"href":"https:\/\/ingenav.com\/es\/wp-json\/wp\/v2\/pages\/2434\/revisions"}],"wp:attachment":[{"href":"https:\/\/ingenav.com\/es\/wp-json\/wp\/v2\/media?parent=2434"}],"curies":[{"name":"wp","href":"https:\/\/api.w.org\/{rel}","templated":true}]}}