{"id":2470,"date":"2015-01-05T18:27:41","date_gmt":"2015-01-05T17:27:41","guid":{"rendered":"https:\/\/ingenav.com\/?page_id=2470"},"modified":"2021-09-27T10:03:36","modified_gmt":"2021-09-27T09:03:36","slug":"servicios","status":"publish","type":"page","link":"https:\/\/ingenav.com\/es\/servicios\/","title":{"rendered":"Servicios"},"content":{"rendered":"<section class=\"section swatch-black  section-text-shadow section-inner-shadow section-normal section-opaque\"  data-label=\"\">\n            <div class=\"background-media\" style=\"background-image: url('https:\/\/ingenav.com\/wp-content\/uploads\/2015\/01\/pista.jpg'); background-repeat:no-repeat; background-size:cover; background-attachment:fixed; background-position: 50% 30%;\" >\n                    <\/div>\n    \n    <div class=\"background-overlay grid-overlay-30 \" style=\"background-color: rgba(0,0,0,0.5);\"><\/div>\n\n    <div class=\"container\">\n        <div class=\"row vertical-top\">\n            <div class=\"col-md-12     text-default small-screen-default\"  ><div class=\"divider-wrapper\" style=\"visibility:hidden;background-color:#FFFFFF\">\n    <div class=\"visible-xs\" style=\"height:24px;\"><\/div>\n    <div class=\"visible-sm\" style=\"height:24px;\"><\/div>\n    <div class=\"visible-md\" style=\"height:45px;\"><\/div>\n    <div class=\"visible-lg\" style=\"height:45px;\"><\/div>\n<\/div><header class=\"text-center  element-no-top element-no-bottom condensed os-animation\" data-os-animation=\"fadeIn\" data-os-animation-delay=\"0s\" >\n    <h1 class=\"super hairline no-bordered-header bordered-normal\" >\n         <strong>Innovaci\u00f3n<\/strong> a su servicio    <\/h1>\n    <\/header>\n<div class=\"divider-wrapper\" style=\"visibility:hidden;background-color:#FFFFFF\">\n    <div class=\"visible-xs\" style=\"height:24px;\"><\/div>\n    <div class=\"visible-sm\" style=\"height:24px;\"><\/div>\n    <div class=\"visible-md\" style=\"height:45px;\"><\/div>\n    <div class=\"visible-lg\" style=\"height:45px;\"><\/div>\n<\/div><\/div>        <\/div>\n    <\/div>\n<\/section><section class=\"section swatch-white  section-text-no-shadow section-inner-no-shadow section-normal section-opaque\"  data-label=\"\">\n    \n    <div class=\"background-overlay grid-overlay-0 \" style=\"background-color: rgba(0,0,0,0);\"><\/div>\n\n    <div class=\"container\">\n        <div class=\"row vertical-top\">\n            <div class=\"col-md-12     text-default small-screen-default\"  ><p class=\"lead text-left left  element-short-top element-short-bottom os-animation \" data-os-animation=\"fadeIn\" data-os-animation-delay=\"0s\">La experiencia de <strong>INGENAV<\/strong> se centra en los servicios de consultor\u00eda, junto con nuestros socios, estamos en condiciones de <strong>desarrollar cualquier proyecto<\/strong> en cualquier \u00e1rea de la industria. Consultores de aviaci\u00f3n, Partners Tecnol\u00f3gicos, Dise\u00f1o del espacio a\u00e9reo, planes de certificaci\u00f3n, operaciones aeroportuarias &#8230;<\/p><\/div>        <\/div>\n    <\/div>\n<\/section><section class=\"section swatch-white  section-text-no-shadow section-inner-no-shadow section-normal section-opaque\"  data-label=\"\">\n    \n    <div class=\"background-overlay grid-overlay-0 \" style=\"background-color: rgba(0,0,0,0);\"><\/div>\n\n    <div class=\"container\">\n        <div class=\"row vertical-top\">\n            <div class=\"col-md-12     text-default small-screen-default\"  ><div class=\"row \"><div class=\"col-md-2     text-default small-screen-default\"  ><header class=\"text-left  element-short-top element-short-bottom not-condensed os-animation\" data-os-animation=\"fadeInLeft\" data-os-animation-delay=\"0s\" >\n    <h2 class=\"normal regular bordered bordered-small\" >\n        Servicios:    <\/h2>\n    <\/header>\n<\/div><div class=\"col-md-2     text-default small-screen-default\"  ><div class=\" element-medium-top element-medium-bottom text-center os-animation\" data-os-animation=\"fadeInUp\" data-os-animation-delay=\"0s\">\n            <div class=\"box box-round box-normal\">\n            <div class=\"box-dummy\"><\/div>\n                            <a class=\"box-inner grid-overlay-10\" href=\"https:\/\/ingenav.com\/our-services\/atm-procedures\/\" target=\"_self\" style=\"background-color:#284871;\">\n                        <div class=\"box-animate\" data-animation=\"fadeIn\" style=\"stroke:#ffffff;\">\n                                    <img decoding=\"async\" src=\"https:\/\/ingenav.com\/wp-content\/uploads\/2015\/01\/ATM-Procedures-Square-600x600.jpg\" \/>\n                                            <\/div>\n                            <\/a>\n                    <\/div>\n                <h3 class=\"normal bold bordered bordered-small bordered-link \">\n                            <a href=\"https:\/\/ingenav.com\/our-services\/atm-procedures\/\" target=\"_self\">\n                        ARM: ATCO Resource Management software suite                            <\/a>\n                    <\/h3>\n                <p><\/p>\n        \n<\/div><\/div><div class=\"col-md-2     text-default small-screen-default\"  ><div class=\" element-medium-top element-medium-bottom text-center os-animation\" data-os-animation=\"fadeInUp\" data-os-animation-delay=\"0.3s\">\n            <div class=\"box box-round box-normal\">\n            <div class=\"box-dummy\"><\/div>\n                            <a class=\"box-inner grid-overlay-10\" href=\"https:\/\/ingenav.com\/our-services\/safety\/\" target=\"_self\" style=\"background-color:#63b6cf;\">\n                        <div class=\"box-animate\" data-animation=\"fadeIn\" style=\"stroke:#ffffff;\">\n                                    <img decoding=\"async\" src=\"https:\/\/ingenav.com\/wp-content\/uploads\/2015\/01\/SAFETY-CASES-Square-600x600.jpg\" \/>\n                                            <\/div>\n                            <\/a>\n                    <\/div>\n                <h3 class=\"normal bold bordered bordered-small bordered-link \">\n                            <a href=\"https:\/\/ingenav.com\/our-services\/safety\/\" target=\"_self\">\n                        Safety                            <\/a>\n                    <\/h3>\n                <p><\/p>\n        \n<\/div><\/div><div class=\"col-md-2     text-default small-screen-default\"  ><div class=\" element-medium-top element-medium-bottom text-center os-animation\" data-os-animation=\"fadeInUp\" data-os-animation-delay=\"0.6s\">\n            <div class=\"box box-round box-normal\">\n            <div class=\"box-dummy\"><\/div>\n                            <a class=\"box-inner grid-overlay-10\" href=\"https:\/\/ingenav.com\/our-services\/support-transitions\/\" target=\"_self\" style=\"background-color:#95c94f;\">\n                        <div class=\"box-animate\" data-animation=\"fadeIn\" style=\"stroke:#ffffff;\">\n                                    <img decoding=\"async\" src=\"https:\/\/ingenav.com\/wp-content\/uploads\/2015\/01\/Support-to-transition-Square-600x600.jpg\" \/>\n                                            <\/div>\n                            <\/a>\n                    <\/div>\n                <h3 class=\"normal bold bordered bordered-small bordered-link \">\n                            <a href=\"https:\/\/ingenav.com\/our-services\/support-transitions\/\" target=\"_self\">\n                        Operational readiness &#038; transition (ORAT) for ANSPs                            <\/a>\n                    <\/h3>\n                <p><\/p>\n        \n<\/div><\/div><div class=\"col-md-2     text-default small-screen-default\"  ><div class=\" element-medium-top element-tall-bottom text-center os-animation\" data-os-animation=\"fadeInUp\" data-os-animation-delay=\"0.9s\">\n            <div class=\"box box-round box-normal\">\n            <div class=\"box-dummy\"><\/div>\n                            <a class=\"box-inner grid-overlay-10\" href=\"https:\/\/ingenav.com\/our-services\/training-new-systems\/\" target=\"_self\" style=\"background-color:#005c97;\">\n                        <div class=\"box-animate\" data-animation=\"fadeIn\" style=\"stroke:#ffffff;\">\n                                    <img decoding=\"async\" src=\"https:\/\/ingenav.com\/wp-content\/uploads\/2015\/01\/Training-in-new-Systems-Square-600x600.jpg\" \/>\n                                            <\/div>\n                            <\/a>\n                    <\/div>\n                <h3 class=\"normal bold bordered bordered-small bordered-link \">\n                            <a href=\"https:\/\/ingenav.com\/our-services\/training-new-systems\/\" target=\"_self\">\n                        ATM System Innovation &#038; Training                            <\/a>\n                    <\/h3>\n                <p><\/p>\n        \n<\/div><\/div><div class=\"col-md-2     text-default small-screen-default\"  ><div class=\" element-medium-top element-tall-bottom text-center os-animation\" data-os-animation=\"fadeInUp\" data-os-animation-delay=\"0.9s\">\n            <div class=\"box box-round box-normal\">\n            <div class=\"box-dummy\"><\/div>\n                            <a class=\"box-inner grid-overlay-10\" href=\"https:\/\/ingenav.com\/es\/our-services\/cursos-de-formacion\/\" target=\"_self\" style=\"background-color:#fdb813;\">\n                        <div class=\"box-animate\" data-animation=\"fadeIn\" style=\"stroke:#ffffff;\">\n                                    <img decoding=\"async\" src=\"https:\/\/ingenav.com\/wp-content\/uploads\/2015\/01\/Training-in-Delivery-Square-600x600.jpg\" \/>\n                                            <\/div>\n                            <\/a>\n                    <\/div>\n                <h3 class=\"normal bold bordered bordered-small bordered-link \">\n                            <a href=\"https:\/\/ingenav.com\/es\/our-services\/cursos-de-formacion\/\" target=\"_self\">\n                        Cursos de Formaci\u00f3n                            <\/a>\n                    <\/h3>\n                <p><\/p>\n        \n<\/div><\/div><\/div><\/div>        <\/div>\n    <\/div>\n<\/section>\n","protected":false},"excerpt":{"rendered":"[vc_empty_space height=\"28px\"] \u00a0INGENAV\u00a0es una Organizaci\u00f3n de formaci\u00f3n de Controladores de Tr\u00e1nsito A\u00e9reo certificada en virtud de requisitos de EASA y el Reglamento Europeo.\u00a0INGENAV ofrece cursos de formaci\u00f3n relacionados con las siguientes \u00e1reas de la aviaci\u00f3n: T\u00e9cnicas y cursos de capacitaci\u00f3n para Instructores (OJTI, STDI y Evaluadores) Cursos en Operaciones en Control de Tr\u00e1nsito A\u00e9reo\u00a0 Seguridad","protected":false},"author":1,"featured_media":0,"parent":0,"menu_order":2,"comment_status":"closed","ping_status":"closed","template":"","meta":{"footnotes":""},"class_list":["post-2470","page","type-page","status-publish","hentry"],"yoast_head":"<!-- This site is optimized with the Yoast SEO plugin v27.4 - https:\/\/yoast.com\/product\/yoast-seo-wordpress\/ -->\n<title>Servicios -<\/title>\n<meta name=\"robots\" content=\"index, follow, max-snippet:-1, max-image-preview:large, max-video-preview:-1\" \/>\n<link rel=\"canonical\" href=\"https:\/\/ingenav.com\/es\/servicios\/\" \/>\n<meta property=\"og:locale\" content=\"es_ES\" \/>\n<meta property=\"og:type\" content=\"article\" \/>\n<meta property=\"og:title\" content=\"Servicios -\" \/>\n<meta property=\"og:url\" content=\"https:\/\/ingenav.com\/es\/servicios\/\" \/>\n<meta property=\"og:site_name\" content=\"INGENAV\" \/>\n<meta property=\"article:publisher\" content=\"https:\/\/www.facebook.com\/ingenav\" \/>\n<meta property=\"article:modified_time\" content=\"2021-09-27T09:03:36+00:00\" \/>\n<meta name=\"twitter:label1\" content=\"Tiempo de lectura\" \/>\n\t<meta name=\"twitter:data1\" content=\"2 minutos\" \/>\n<script type=\"application\/ld+json\" class=\"yoast-schema-graph\">{\"@context\":\"https:\\\/\\\/schema.org\",\"@graph\":[{\"@type\":\"WebPage\",\"@id\":\"https:\\\/\\\/ingenav.com\\\/es\\\/servicios\\\/\",\"url\":\"https:\\\/\\\/ingenav.com\\\/es\\\/servicios\\\/\",\"name\":\"Servicios -\",\"isPartOf\":{\"@id\":\"https:\\\/\\\/ingenav.com\\\/#website\"},\"datePublished\":\"2015-01-05T17:27:41+00:00\",\"dateModified\":\"2021-09-27T09:03:36+00:00\",\"breadcrumb\":{\"@id\":\"https:\\\/\\\/ingenav.com\\\/es\\\/servicios\\\/#breadcrumb\"},\"inLanguage\":\"es\",\"potentialAction\":[{\"@type\":\"ReadAction\",\"target\":[\"https:\\\/\\\/ingenav.com\\\/es\\\/servicios\\\/\"]}]},{\"@type\":\"BreadcrumbList\",\"@id\":\"https:\\\/\\\/ingenav.com\\\/es\\\/servicios\\\/#breadcrumb\",\"itemListElement\":[{\"@type\":\"ListItem\",\"position\":1,\"name\":\"Home\",\"item\":\"https:\\\/\\\/ingenav.com\\\/es\\\/\"},{\"@type\":\"ListItem\",\"position\":2,\"name\":\"Servicios\"}]},{\"@type\":\"WebSite\",\"@id\":\"https:\\\/\\\/ingenav.com\\\/#website\",\"url\":\"https:\\\/\\\/ingenav.com\\\/\",\"name\":\"INGENAV\",\"description\":\"\",\"publisher\":{\"@id\":\"https:\\\/\\\/ingenav.com\\\/#organization\"},\"potentialAction\":[{\"@type\":\"SearchAction\",\"target\":{\"@type\":\"EntryPoint\",\"urlTemplate\":\"https:\\\/\\\/ingenav.com\\\/?s={search_term_string}\"},\"query-input\":{\"@type\":\"PropertyValueSpecification\",\"valueRequired\":true,\"valueName\":\"search_term_string\"}}],\"inLanguage\":\"es\"},{\"@type\":\"Organization\",\"@id\":\"https:\\\/\\\/ingenav.com\\\/#organization\",\"name\":\"INGENAV\",\"url\":\"https:\\\/\\\/ingenav.com\\\/\",\"logo\":{\"@type\":\"ImageObject\",\"inLanguage\":\"es\",\"@id\":\"https:\\\/\\\/ingenav.com\\\/#\\\/schema\\\/logo\\\/image\\\/\",\"url\":\"https:\\\/\\\/ingenav.com\\\/wp-content\\\/uploads\\\/2022\\\/09\\\/LOGO_INGENAV_360x36.png\",\"contentUrl\":\"https:\\\/\\\/ingenav.com\\\/wp-content\\\/uploads\\\/2022\\\/09\\\/LOGO_INGENAV_360x36.png\",\"width\":360,\"height\":36,\"caption\":\"INGENAV\"},\"image\":{\"@id\":\"https:\\\/\\\/ingenav.com\\\/#\\\/schema\\\/logo\\\/image\\\/\"},\"sameAs\":[\"https:\\\/\\\/www.facebook.com\\\/ingenav\",\"https:\\\/\\\/www.linkedin.com\\\/company\\\/ingenav\\\/\"]}]}<\/script>\n<!-- \/ Yoast SEO plugin. -->","yoast_head_json":{"title":"Servicios -","robots":{"index":"index","follow":"follow","max-snippet":"max-snippet:-1","max-image-preview":"max-image-preview:large","max-video-preview":"max-video-preview:-1"},"canonical":"https:\/\/ingenav.com\/es\/servicios\/","og_locale":"es_ES","og_type":"article","og_title":"Servicios -","og_url":"https:\/\/ingenav.com\/es\/servicios\/","og_site_name":"INGENAV","article_publisher":"https:\/\/www.facebook.com\/ingenav","article_modified_time":"2021-09-27T09:03:36+00:00","twitter_misc":{"Tiempo de lectura":"2 minutos"},"schema":{"@context":"https:\/\/schema.org","@graph":[{"@type":"WebPage","@id":"https:\/\/ingenav.com\/es\/servicios\/","url":"https:\/\/ingenav.com\/es\/servicios\/","name":"Servicios -","isPartOf":{"@id":"https:\/\/ingenav.com\/#website"},"datePublished":"2015-01-05T17:27:41+00:00","dateModified":"2021-09-27T09:03:36+00:00","breadcrumb":{"@id":"https:\/\/ingenav.com\/es\/servicios\/#breadcrumb"},"inLanguage":"es","potentialAction":[{"@type":"ReadAction","target":["https:\/\/ingenav.com\/es\/servicios\/"]}]},{"@type":"BreadcrumbList","@id":"https:\/\/ingenav.com\/es\/servicios\/#breadcrumb","itemListElement":[{"@type":"ListItem","position":1,"name":"Home","item":"https:\/\/ingenav.com\/es\/"},{"@type":"ListItem","position":2,"name":"Servicios"}]},{"@type":"WebSite","@id":"https:\/\/ingenav.com\/#website","url":"https:\/\/ingenav.com\/","name":"INGENAV","description":"","publisher":{"@id":"https:\/\/ingenav.com\/#organization"},"potentialAction":[{"@type":"SearchAction","target":{"@type":"EntryPoint","urlTemplate":"https:\/\/ingenav.com\/?s={search_term_string}"},"query-input":{"@type":"PropertyValueSpecification","valueRequired":true,"valueName":"search_term_string"}}],"inLanguage":"es"},{"@type":"Organization","@id":"https:\/\/ingenav.com\/#organization","name":"INGENAV","url":"https:\/\/ingenav.com\/","logo":{"@type":"ImageObject","inLanguage":"es","@id":"https:\/\/ingenav.com\/#\/schema\/logo\/image\/","url":"https:\/\/ingenav.com\/wp-content\/uploads\/2022\/09\/LOGO_INGENAV_360x36.png","contentUrl":"https:\/\/ingenav.com\/wp-content\/uploads\/2022\/09\/LOGO_INGENAV_360x36.png","width":360,"height":36,"caption":"INGENAV"},"image":{"@id":"https:\/\/ingenav.com\/#\/schema\/logo\/image\/"},"sameAs":["https:\/\/www.facebook.com\/ingenav","https:\/\/www.linkedin.com\/company\/ingenav\/"]}]}},"_links":{"self":[{"href":"https:\/\/ingenav.com\/es\/wp-json\/wp\/v2\/pages\/2470","targetHints":{"allow":["GET"]}}],"collection":[{"href":"https:\/\/ingenav.com\/es\/wp-json\/wp\/v2\/pages"}],"about":[{"href":"https:\/\/ingenav.com\/es\/wp-json\/wp\/v2\/types\/page"}],"author":[{"embeddable":true,"href":"https:\/\/ingenav.com\/es\/wp-json\/wp\/v2\/users\/1"}],"replies":[{"embeddable":true,"href":"https:\/\/ingenav.com\/es\/wp-json\/wp\/v2\/comments?post=2470"}],"version-history":[{"count":0,"href":"https:\/\/ingenav.com\/es\/wp-json\/wp\/v2\/pages\/2470\/revisions"}],"wp:attachment":[{"href":"https:\/\/ingenav.com\/es\/wp-json\/wp\/v2\/media?parent=2470"}],"curies":[{"name":"wp","href":"https:\/\/api.w.org\/{rel}","templated":true}]}}