{"id":2737,"date":"2017-05-11T15:59:32","date_gmt":"2017-05-11T14:59:32","guid":{"rendered":"https:\/\/ingenav.com\/es\/?page_id=2737"},"modified":"2025-11-12T11:47:31","modified_gmt":"2025-11-12T10:47:31","slug":"aplicaciones","status":"publish","type":"page","link":"https:\/\/ingenav.com\/es\/aplicaciones\/","title":{"rendered":"Aplicaciones &#8211; Suite ARM"},"content":{"rendered":"<section class=\"section swatch-black  section-text-shadow section-inner-shadow section-normal section-opaque\"  data-label=\"\">\n            <div class=\"background-media\" style=\"background-image: url('https:\/\/ingenav.com\/wp-content\/uploads\/2015\/01\/INGENAV-BANNER-Key-Projects-1700x400.jpg'); background-repeat:no-repeat; background-size:auto; background-attachment:no-scroll; background-position: 50% 50%;\" >\n                    <\/div>\n    \n    <div class=\"background-overlay grid-overlay-0 \" style=\"background-color: rgba(255,255,255,0);\"><\/div>\n\n    <div class=\"container\">\n        <div class=\"row vertical-top\">\n            <div class=\"col-md-12     text-default small-screen-default\"  ><header class=\"text-center  element-normal-top element-normal-bottom not-condensed os-animation\" data-os-animation=\"fadeInUp\" data-os-animation-delay=\"0.4s\" >\n    <h1 class=\"super hairline bordered bordered-small\" >\n        Applications    <\/h1>\n    <\/header>\n<\/div>        <\/div>\n    <\/div>\n<\/section><section class=\"section swatch-white  section-text-no-shadow section-inner-no-shadow section-normal section-opaque\"  data-label=\"\">\n    \n    <div class=\"background-overlay grid-overlay-0 \" style=\"background-color: rgba(0,0,0,0);\"><\/div>\n\n    <div class=\"container\">\n        <div class=\"row vertical-top\">\n            <div class=\"col-md-12     text-default small-screen-default\"  ><div class=\" element-short-top element-short-bottom\" data-os-animation=\"none\" data-os-animation-delay=\"0s\">\n    <p>Con la intenci\u00f3n de presentar soluciones pr\u00e1cticas para el sector de Navegaci\u00f3n A\u00e9rea, <strong>INGENAV<\/strong>, presenta la <strong>Suite ARM<\/strong> (Atco Resources Management). <strong>ARM<\/strong> es una suite de gesti\u00f3n de recursos totales destinada a gestionar la informaci\u00f3n operativa de los controladores de tr\u00e1fico a\u00e9reo.<\/p>\n<p><strong>ARM<\/strong> est\u00e1 constituido por una serie de m\u00f3dulos vinculados con una poderosa base de datos. Cada m\u00f3dulo est\u00e1 integrado entre s\u00ed y ofrece una ventanilla \u00fanica para administrar las necesidades de competencia, informaci\u00f3n y organizaci\u00f3n de turneros de trabjao de los controladores. Los m\u00f3dulos que constituyen ARM son:<\/p>\n<ul>\n<li>Ai Roster,<\/li>\n<li>Mobile Briefing y<\/li>\n<li>Competence Management.<\/li>\n<\/ul>\n<p>Haga clic en los iconos a continuaci\u00f3n para obtener m\u00e1s informaci\u00f3n.<\/p>\n<\/div><div class=\"portfolio-container  element-medium-top element-medium-bottom\"><div class=\"row\">\r\n    <div class=\"col-md-12\">\r\n        <div class=\"portfolio-header clearfix\">\r\n            \r\n            <h3 class=\"portfolio-title pull-left\">\r\n                <strong>\r\n                    View \/                <\/strong>\r\n                <span>\r\n                    All                <\/span>\r\n            <\/h3>\r\n\r\n                        <div class=\"portfolio-filters pull-right\">\r\n                                                                    <div class=\"btn-group\">\r\n                        <button type=\"button\" class=\"btn btn-primary dropdown-toggle btn-icon-right btn-sm\" data-toggle=\"dropdown\">\r\n                            <b>Category<\/b>\r\n                            <span>\r\n                                <i class=\"fa fa-angle-down\"><\/i>\r\n                            <\/span>\r\n                        <\/button>\r\n                        <ul class=\"dropdown-menu pull-right\" role=\"menu\">\r\n                            <li><a class=\"portfolio-filter\" data-filter=\"*\">All<\/a><\/li>\r\n                                                            <li><a class=\"portfolio-filter\" data-filter=\".filter-ai-roster\">AI-Roster<\/a><\/li>\r\n                                                            <li><a class=\"portfolio-filter\" data-filter=\".filter-competence-management\">Competence-Management<\/a><\/li>\r\n                                                            <li><a class=\"portfolio-filter\" data-filter=\".filter-mobile-briefing\">Mobile Briefing<\/a><\/li>\r\n                                                    <\/ul>\r\n                    <\/div>\r\n                            <\/div>\r\n        <\/div>\r\n    <\/div>\r\n<\/div>\r\n<div class=\"portfolio masonry no-transition\" data-padding=\"15\" data-col-xs=\"3\" data-col-sm=\"3\" data-col-md=\"3\" data-col-lg=\"3\" data-layout=\"fitRows\">\n                \n            <div class=\"masonry-item portfolio-item filter-mobile-briefing\" data-menu-order=\"0\" data-date=\"2017-05-12T12:26:48+01:00\" data-title=\"Mobile Briefing\" data-comments=\"0\">\n                <div class=\"figure  element-no-top element-no-bottom os-animation image-filter-blur image-filter-onhover from-top text-center figcaption-middle normalwidth\" data-os-animation=\"fadeIn\" data-os-animation-delay=\"0s\">\n            <a href=\"https:\/\/ingenav.com\/es\/projects\/mobile-briefing\/\" class=\"figure-image  image-all\" data-links=\"\" target=\"_self\">\n    \n    <img decoding=\"async\" src=\"https:\/\/ingenav.com\/wp-content\/uploads\/2017\/04\/BrioApp-800x600.png\" alt=\"Mobile Briefing\"  class=\"normalwidth\" \/>        <div class=\"figure-overlay grid-overlay-30\">\n        <div class=\"figure-overlay-container\">\n                            <span class=\"figure-icon\">\n                    <svg version=\"1.1\" xmlns=\"http:\/\/www.w3.org\/2000\/svg\" xmlns:xlink=\"http:\/\/www.w3.org\/1999\/xlink\" viewBox=\"0 0 100 100\"  preserveaspectratio=\"none\">\n<g>\n\n        <circle display=\"inline\" fill=\"none\" stroke-width=\"1\" stroke-miterlimit=\"10\" cx=\"50.932\" cy=\"50\" r=\"19.209\"\/>\n\n        <line display=\"inline\" fill=\"none\" stroke-width=\"1\" stroke-miterlimit=\"10\" x1=\"50.932\" y1=\"35.944\" x2=\"50.932\" y2=\"64.056\"\/>\n\n        <line display=\"inline\" fill=\"none\" stroke-width=\"1\" stroke-miterlimit=\"10\" x1=\"64.987\" y1=\"50\" x2=\"36.877\" y2=\"50\"\/>\n<\/g>\n<\/svg>\n                <\/span>\n                    <\/div>\n    <\/div>\n    \n            <\/a>\n    \n    <div class=\"figure-caption text-center\">\n        <h3 class=\"figure-caption-title bordered bordered-small bordered-link\">\n                            <a href=\"https:\/\/ingenav.com\/es\/projects\/mobile-briefing\/\" class=\"\" data-links=\"\" target=\"_self\">\n                        Mobile Briefing                            <\/a>\n                    <\/h3>\n        <p class=\"figure-caption-description\"><\/p>\n    <\/div>\n<\/div>            <\/div>\n                        \n            <div class=\"masonry-item portfolio-item filter-ai-roster\" data-menu-order=\"0\" data-date=\"2017-05-11T15:43:55+01:00\" data-title=\"AI-Roster\" data-comments=\"0\">\n                <div class=\"figure  element-no-top element-no-bottom os-animation image-filter-blur image-filter-onhover from-top text-center figcaption-middle normalwidth\" data-os-animation=\"fadeIn\" data-os-animation-delay=\"0.3s\">\n            <a href=\"https:\/\/ingenav.com\/es\/projects\/ai-roster\/\" class=\"figure-image  image-all\" data-links=\"\" target=\"_self\">\n    \n    <img decoding=\"async\" src=\"https:\/\/ingenav.com\/wp-content\/uploads\/2017\/04\/AIROSTER-800x600.png\" alt=\"AI-Roster\"  class=\"normalwidth\" \/>        <div class=\"figure-overlay grid-overlay-30\">\n        <div class=\"figure-overlay-container\">\n                            <span class=\"figure-icon\">\n                    <svg version=\"1.1\" xmlns=\"http:\/\/www.w3.org\/2000\/svg\" xmlns:xlink=\"http:\/\/www.w3.org\/1999\/xlink\" viewBox=\"0 0 100 100\"  preserveaspectratio=\"none\">\n<g>\n\n        <circle display=\"inline\" fill=\"none\" stroke-width=\"1\" stroke-miterlimit=\"10\" cx=\"50.932\" cy=\"50\" r=\"19.209\"\/>\n\n        <line display=\"inline\" fill=\"none\" stroke-width=\"1\" stroke-miterlimit=\"10\" x1=\"50.932\" y1=\"35.944\" x2=\"50.932\" y2=\"64.056\"\/>\n\n        <line display=\"inline\" fill=\"none\" stroke-width=\"1\" stroke-miterlimit=\"10\" x1=\"64.987\" y1=\"50\" x2=\"36.877\" y2=\"50\"\/>\n<\/g>\n<\/svg>\n                <\/span>\n                    <\/div>\n    <\/div>\n    \n            <\/a>\n    \n    <div class=\"figure-caption text-center\">\n        <h3 class=\"figure-caption-title bordered bordered-small bordered-link\">\n                            <a href=\"https:\/\/ingenav.com\/es\/projects\/ai-roster\/\" class=\"\" data-links=\"\" target=\"_self\">\n                        AI-Roster                            <\/a>\n                    <\/h3>\n        <p class=\"figure-caption-description\"><\/p>\n    <\/div>\n<\/div>            <\/div>\n                        \n            <div class=\"masonry-item portfolio-item filter-competence-management\" data-menu-order=\"0\" data-date=\"2021-06-18T10:35:52+01:00\" data-title=\"Competence-Management\" data-comments=\"0\">\n                <div class=\"figure  element-no-top element-no-bottom os-animation image-filter-blur image-filter-onhover from-top text-center figcaption-middle normalwidth\" data-os-animation=\"fadeIn\" data-os-animation-delay=\"0.6s\">\n            <a href=\"https:\/\/ingenav.com\/es\/projects\/competence-management\/\" class=\"figure-image  image-all\" data-links=\"\" target=\"_self\">\n    \n    <img decoding=\"async\" src=\"https:\/\/ingenav.com\/wp-content\/uploads\/2021\/06\/Icono800x600-800x600.png\" alt=\"Competence-Management\"  class=\"normalwidth\" \/>        <div class=\"figure-overlay grid-overlay-30\">\n        <div class=\"figure-overlay-container\">\n                            <span class=\"figure-icon\">\n                    <svg version=\"1.1\" xmlns=\"http:\/\/www.w3.org\/2000\/svg\" xmlns:xlink=\"http:\/\/www.w3.org\/1999\/xlink\" viewBox=\"0 0 100 100\"  preserveaspectratio=\"none\">\n<g>\n\n        <circle display=\"inline\" fill=\"none\" stroke-width=\"1\" stroke-miterlimit=\"10\" cx=\"50.932\" cy=\"50\" r=\"19.209\"\/>\n\n        <line display=\"inline\" fill=\"none\" stroke-width=\"1\" stroke-miterlimit=\"10\" x1=\"50.932\" y1=\"35.944\" x2=\"50.932\" y2=\"64.056\"\/>\n\n        <line display=\"inline\" fill=\"none\" stroke-width=\"1\" stroke-miterlimit=\"10\" x1=\"64.987\" y1=\"50\" x2=\"36.877\" y2=\"50\"\/>\n<\/g>\n<\/svg>\n                <\/span>\n                    <\/div>\n    <\/div>\n    \n            <\/a>\n    \n    <div class=\"figure-caption text-center\">\n        <h3 class=\"figure-caption-title bordered bordered-small bordered-link\">\n                            <a href=\"https:\/\/ingenav.com\/es\/projects\/competence-management\/\" class=\"\" data-links=\"\" target=\"_self\">\n                        Competence-Management                            <\/a>\n                    <\/h3>\n        <p class=\"figure-caption-description\"><\/p>\n    <\/div>\n<\/div>            <\/div>\n            <\/div>\n<\/div><\/div>        <\/div>\n    <\/div>\n<\/section><section class=\"section swatch-blue text-center section-text-shadow section-inner-shadow section-normal section-opaque\"  data-label=\"\">\n            <div class=\"background-media\" style=\"background-image: url('https:\/\/ingenav.com\/wp-content\/uploads\/2015\/01\/3_ST_Ingenav-Key-Projects-600x600.jpg'); background-repeat:no-repeat; background-size:cover; background-attachment:fixed; background-position: 50% 0%;\" >\n                    <\/div>\n    \n    <div class=\"background-overlay grid-overlay-40 \" style=\"background-color: rgba(0,53,95,0.4);\"><\/div>\n\n    <div class=\"container\">\n        <div class=\"row vertical-top\">\n            <div class=\"col-md-12     text-default small-screen-default\"  ><header class=\"text-center  element-normal-top element-short-bottom condensed os-animation\" data-os-animation=\"fadeInDown\" data-os-animation-delay=\"0s\" >\n    <h3 class=\"big light no-bordered-header bordered-normal\" >\n        INGENAV provided various ATC experts and instructions to various clients in Spain, Europe, North Africa and the Middle East.    <\/h3>\n    <\/header>\n<a href=\"https:\/\/ingenav.com\/contact\" class=\"btn btn-link btn-lg  btn-icon-left  element-short-top element-normal-bottom os-animation\" target= \"_self\" data-os-animation=\"fadeInUp\" data-os-animation-delay=\"0.3s \"  >\n\tContact us \t\t\t<span> <i class=\"fa fa-envelope\"  data-animation=\"shake\"  ><\/i> <\/span>\n\t<\/a><\/div>        <\/div>\n    <\/div>\n<\/section>\n","protected":false},"excerpt":{"rendered":"Con el m\u00f3dulo de gesti\u00f3n de competencias, las empresas que tienen a controladores en plantilla pueden gestionar los elementos de competencia que se encuentran dentro de sus licencias de controladores de tr\u00e1fico a\u00e9reo. El software: Te advierte autom\u00e1ticamente cuando un elemento de competencia, como por ejemplo una habilitaci\u00f3n o la competencia ling\u00fc\u00edstica, necesita atenci\u00f3n: Ej.","protected":false},"author":1,"featured_media":0,"parent":0,"menu_order":0,"comment_status":"closed","ping_status":"closed","template":"","meta":{"footnotes":""},"class_list":["post-2737","page","type-page","status-publish","hentry"],"yoast_head":"<!-- This site is optimized with the Yoast SEO plugin v27.4 - https:\/\/yoast.com\/product\/yoast-seo-wordpress\/ -->\n<title>Aplicaciones - Suite ARM -<\/title>\n<meta name=\"robots\" content=\"index, follow, max-snippet:-1, max-image-preview:large, max-video-preview:-1\" \/>\n<link rel=\"canonical\" href=\"https:\/\/ingenav.com\/es\/aplicaciones\/\" \/>\n<meta property=\"og:locale\" content=\"es_ES\" \/>\n<meta property=\"og:type\" content=\"article\" \/>\n<meta property=\"og:title\" content=\"Aplicaciones - Suite ARM -\" \/>\n<meta property=\"og:url\" content=\"https:\/\/ingenav.com\/es\/aplicaciones\/\" \/>\n<meta property=\"og:site_name\" content=\"INGENAV\" \/>\n<meta property=\"article:publisher\" content=\"https:\/\/www.facebook.com\/ingenav\" \/>\n<meta property=\"article:modified_time\" content=\"2025-11-12T10:47:31+00:00\" \/>\n<meta name=\"twitter:label1\" content=\"Tiempo de lectura\" \/>\n\t<meta name=\"twitter:data1\" content=\"1 minuto\" \/>\n<script type=\"application\/ld+json\" class=\"yoast-schema-graph\">{\"@context\":\"https:\\\/\\\/schema.org\",\"@graph\":[{\"@type\":\"WebPage\",\"@id\":\"https:\\\/\\\/ingenav.com\\\/es\\\/aplicaciones\\\/\",\"url\":\"https:\\\/\\\/ingenav.com\\\/es\\\/aplicaciones\\\/\",\"name\":\"Aplicaciones - Suite ARM -\",\"isPartOf\":{\"@id\":\"https:\\\/\\\/ingenav.com\\\/#website\"},\"datePublished\":\"2017-05-11T14:59:32+00:00\",\"dateModified\":\"2025-11-12T10:47:31+00:00\",\"breadcrumb\":{\"@id\":\"https:\\\/\\\/ingenav.com\\\/es\\\/aplicaciones\\\/#breadcrumb\"},\"inLanguage\":\"es\",\"potentialAction\":[{\"@type\":\"ReadAction\",\"target\":[\"https:\\\/\\\/ingenav.com\\\/es\\\/aplicaciones\\\/\"]}]},{\"@type\":\"BreadcrumbList\",\"@id\":\"https:\\\/\\\/ingenav.com\\\/es\\\/aplicaciones\\\/#breadcrumb\",\"itemListElement\":[{\"@type\":\"ListItem\",\"position\":1,\"name\":\"Home\",\"item\":\"https:\\\/\\\/ingenav.com\\\/es\\\/\"},{\"@type\":\"ListItem\",\"position\":2,\"name\":\"Aplicaciones &#8211; Suite ARM\"}]},{\"@type\":\"WebSite\",\"@id\":\"https:\\\/\\\/ingenav.com\\\/#website\",\"url\":\"https:\\\/\\\/ingenav.com\\\/\",\"name\":\"INGENAV\",\"description\":\"\",\"publisher\":{\"@id\":\"https:\\\/\\\/ingenav.com\\\/#organization\"},\"potentialAction\":[{\"@type\":\"SearchAction\",\"target\":{\"@type\":\"EntryPoint\",\"urlTemplate\":\"https:\\\/\\\/ingenav.com\\\/?s={search_term_string}\"},\"query-input\":{\"@type\":\"PropertyValueSpecification\",\"valueRequired\":true,\"valueName\":\"search_term_string\"}}],\"inLanguage\":\"es\"},{\"@type\":\"Organization\",\"@id\":\"https:\\\/\\\/ingenav.com\\\/#organization\",\"name\":\"INGENAV\",\"url\":\"https:\\\/\\\/ingenav.com\\\/\",\"logo\":{\"@type\":\"ImageObject\",\"inLanguage\":\"es\",\"@id\":\"https:\\\/\\\/ingenav.com\\\/#\\\/schema\\\/logo\\\/image\\\/\",\"url\":\"https:\\\/\\\/ingenav.com\\\/wp-content\\\/uploads\\\/2022\\\/09\\\/LOGO_INGENAV_360x36.png\",\"contentUrl\":\"https:\\\/\\\/ingenav.com\\\/wp-content\\\/uploads\\\/2022\\\/09\\\/LOGO_INGENAV_360x36.png\",\"width\":360,\"height\":36,\"caption\":\"INGENAV\"},\"image\":{\"@id\":\"https:\\\/\\\/ingenav.com\\\/#\\\/schema\\\/logo\\\/image\\\/\"},\"sameAs\":[\"https:\\\/\\\/www.facebook.com\\\/ingenav\",\"https:\\\/\\\/www.linkedin.com\\\/company\\\/ingenav\\\/\"]}]}<\/script>\n<!-- \/ Yoast SEO plugin. -->","yoast_head_json":{"title":"Aplicaciones - Suite ARM -","robots":{"index":"index","follow":"follow","max-snippet":"max-snippet:-1","max-image-preview":"max-image-preview:large","max-video-preview":"max-video-preview:-1"},"canonical":"https:\/\/ingenav.com\/es\/aplicaciones\/","og_locale":"es_ES","og_type":"article","og_title":"Aplicaciones - Suite ARM -","og_url":"https:\/\/ingenav.com\/es\/aplicaciones\/","og_site_name":"INGENAV","article_publisher":"https:\/\/www.facebook.com\/ingenav","article_modified_time":"2025-11-12T10:47:31+00:00","twitter_misc":{"Tiempo de lectura":"1 minuto"},"schema":{"@context":"https:\/\/schema.org","@graph":[{"@type":"WebPage","@id":"https:\/\/ingenav.com\/es\/aplicaciones\/","url":"https:\/\/ingenav.com\/es\/aplicaciones\/","name":"Aplicaciones - Suite ARM -","isPartOf":{"@id":"https:\/\/ingenav.com\/#website"},"datePublished":"2017-05-11T14:59:32+00:00","dateModified":"2025-11-12T10:47:31+00:00","breadcrumb":{"@id":"https:\/\/ingenav.com\/es\/aplicaciones\/#breadcrumb"},"inLanguage":"es","potentialAction":[{"@type":"ReadAction","target":["https:\/\/ingenav.com\/es\/aplicaciones\/"]}]},{"@type":"BreadcrumbList","@id":"https:\/\/ingenav.com\/es\/aplicaciones\/#breadcrumb","itemListElement":[{"@type":"ListItem","position":1,"name":"Home","item":"https:\/\/ingenav.com\/es\/"},{"@type":"ListItem","position":2,"name":"Aplicaciones &#8211; Suite ARM"}]},{"@type":"WebSite","@id":"https:\/\/ingenav.com\/#website","url":"https:\/\/ingenav.com\/","name":"INGENAV","description":"","publisher":{"@id":"https:\/\/ingenav.com\/#organization"},"potentialAction":[{"@type":"SearchAction","target":{"@type":"EntryPoint","urlTemplate":"https:\/\/ingenav.com\/?s={search_term_string}"},"query-input":{"@type":"PropertyValueSpecification","valueRequired":true,"valueName":"search_term_string"}}],"inLanguage":"es"},{"@type":"Organization","@id":"https:\/\/ingenav.com\/#organization","name":"INGENAV","url":"https:\/\/ingenav.com\/","logo":{"@type":"ImageObject","inLanguage":"es","@id":"https:\/\/ingenav.com\/#\/schema\/logo\/image\/","url":"https:\/\/ingenav.com\/wp-content\/uploads\/2022\/09\/LOGO_INGENAV_360x36.png","contentUrl":"https:\/\/ingenav.com\/wp-content\/uploads\/2022\/09\/LOGO_INGENAV_360x36.png","width":360,"height":36,"caption":"INGENAV"},"image":{"@id":"https:\/\/ingenav.com\/#\/schema\/logo\/image\/"},"sameAs":["https:\/\/www.facebook.com\/ingenav","https:\/\/www.linkedin.com\/company\/ingenav\/"]}]}},"_links":{"self":[{"href":"https:\/\/ingenav.com\/es\/wp-json\/wp\/v2\/pages\/2737","targetHints":{"allow":["GET"]}}],"collection":[{"href":"https:\/\/ingenav.com\/es\/wp-json\/wp\/v2\/pages"}],"about":[{"href":"https:\/\/ingenav.com\/es\/wp-json\/wp\/v2\/types\/page"}],"author":[{"embeddable":true,"href":"https:\/\/ingenav.com\/es\/wp-json\/wp\/v2\/users\/1"}],"replies":[{"embeddable":true,"href":"https:\/\/ingenav.com\/es\/wp-json\/wp\/v2\/comments?post=2737"}],"version-history":[{"count":0,"href":"https:\/\/ingenav.com\/es\/wp-json\/wp\/v2\/pages\/2737\/revisions"}],"wp:attachment":[{"href":"https:\/\/ingenav.com\/es\/wp-json\/wp\/v2\/media?parent=2737"}],"curies":[{"name":"wp","href":"https:\/\/api.w.org\/{rel}","templated":true}]}}